{"id":396,"date":"2023-09-11T15:16:38","date_gmt":"2023-09-11T13:16:38","guid":{"rendered":"https:\/\/www.chapewerken-verhulst.be\/?page_id=396"},"modified":"2023-10-09T10:24:18","modified_gmt":"2023-10-09T08:24:18","slug":"isolation-thermique","status":"publish","type":"page","link":"https:\/\/www.chapewerken-verhulst.be\/fr\/isolation-du-sol\/isolation-thermique\/","title":{"rendered":"Isolation thermique"},"content":{"rendered":"<section class=\"l-section wpb_row us_custom_d1be4457 height_auto\"><div class=\"l-section-h i-cf\"><div class=\"g-cols vc_row via_flex valign_top type_default stacking_default\"><div class=\"vc_col-sm-6 wpb_column vc_column_container m300 has_bg_color stretched\"><div class=\"vc_column-inner us_custom_eec87aeb\"><div class=\"wpb_wrapper\"><\/div><\/div><\/div><div class=\"vc_col-sm-1 wpb_column vc_column_container\"><div class=\"vc_column-inner\"><div class=\"wpb_wrapper\"><\/div><\/div><\/div><div class=\"vc_col-sm-5 wpb_column vc_column_container\"><div class=\"vc_column-inner\"><div class=\"wpb_wrapper\"><div class=\"w-separator size_huge\"><\/div><div class=\"wpb_text_column us_custom_6745946f has_text_color\"><div class=\"wpb_wrapper\"><div id=\"m4650\" class=\"module text\">\n<h1 class=\"darkspottext\">ISOLATION THERMIQUE DES SOLS SANS SOUCIS<\/h1>\n<\/div>\n<\/div><\/div><div class=\"w-separator lineleft size_small with_line width_30 thick_1 style_solid color_primary align_center\"><div class=\"w-separator-h\"><\/div><\/div><div class=\"wpb_text_column\"><div class=\"wpb_wrapper\"><p>L\u2019isolation acoustique des sols contribue au confort de votre maison et permet de r\u00e9aliser des \u00e9conomies d&rsquo;\u00e9nergie significatives.<\/p>\n<\/div><\/div><div class=\"w-separator size_small\"><\/div><div class=\"w-btn-wrapper align_none\"><a class=\"w-btn us-btn-style_1\" href=\"https:\/\/www.chapewerken-verhulst.be\/fr\/devis-gratuit\/\"><span class=\"w-btn-label\">DEMANDEZ UNE OFFRE<\/span><\/a><\/div><div class=\"w-separator size_huge\"><\/div><\/div><\/div><\/div><\/div><\/div><\/section><section class=\"l-section wpb_row us_custom_1e54aa4c height_large\" id=\"ontdek\"><div class=\"l-section-h i-cf\"><div class=\"g-cols vc_row via_flex valign_top type_default stacking_default\"><div class=\"vc_col-sm-12 wpb_column vc_column_container\"><div class=\"vc_column-inner\"><div class=\"wpb_wrapper\"><div class=\"wpb_text_column us_custom_6745946f has_text_color\"><div class=\"wpb_wrapper\"><h2>AUGMENTEZ L&rsquo;EFFICACIT\u00c9 DE VOTRE CHAUFFAGE AU SOL<\/h2>\n<\/div><\/div><div class=\"w-separator lineleft size_small with_line width_30 thick_1 style_solid color_primary align_center\"><div class=\"w-separator-h\"><\/div><\/div><div class=\"wpb_text_column\"><div class=\"wpb_wrapper\"><div id=\"r3139\" class=\"row \">\n<div id=\"r3139c\" class=\"container container-fixed \">\n<div id=\"c1611\" class=\"col col-sm-12\">\n<div id=\"m4064\" class=\"module text\">\n<div id=\"r3911\" class=\"row \">\n<div id=\"r3911c\" class=\"container container-fixed \">\n<div id=\"c3408\" class=\"col col-sm-12\">\n<div id=\"m2743\" class=\"module text\">\n<p class=\"bodytext\">Lors de la pose de sols directement dans le mortier, il y a toujours des endroits o\u00f9 il n&rsquo;y a que de l&rsquo;air sous les carreaux. Ceci est un isolant et r\u00e9duit l\u2019efficacit\u00e9 de votre chauffage par le sol. En revanche, avec les ger\u00e7ures, tout est mieux endigu\u00e9 et liss\u00e9. Cela garantit un meilleur compactage de la chape. Cela signifie qu&rsquo;il y a moins d&rsquo;air dans votre chape. Par cons\u00e9quent, cela garantit une meilleure conduction thermique. L&rsquo;\u00e9paisseur de la chape est \u00e9galement plus uniforme. La colle assure alors une liaison parfaite entre votre finition de sol et votre chape.<\/p>\n<\/div>\n<\/div>\n<\/div>\n<\/div>\n<\/div>\n<\/div>\n<\/div>\n<\/div>\n<\/div><\/div><\/div><\/div><\/div><\/div><\/div><\/section><section class=\"l-section wpb_row height_large\"><div class=\"l-section-h i-cf\"><div class=\"g-cols vc_row via_flex valign_top type_default stacking_default\"><div class=\"vc_col-sm-12 wpb_column vc_column_container\"><div class=\"vc_column-inner\"><div class=\"wpb_wrapper\"><div class=\"wpb_text_column us_custom_6745946f has_text_color\"><div class=\"wpb_wrapper\"><h2>ASSUREZ-VOUS D&rsquo;AVOIR UNE BONNE STRUCTURE DE PLANCHER<\/h2>\n<\/div><\/div><div class=\"w-separator lineleft size_small with_line width_30 thick_1 style_solid color_primary align_center\"><div class=\"w-separator-h\"><\/div><\/div><div class=\"g-cols wpb_row via_flex valign_top type_default stacking_default\"><div class=\"vc_col-sm-2\/5 wpb_column vc_column_container\"><div class=\"vc_column-inner\"><div class=\"wpb_wrapper\"><div class=\"w-image align_none\"><div class=\"w-image-h\"><img loading=\"lazy\" decoding=\"async\" width=\"608\" height=\"462\" src=\"https:\/\/www.chapewerken-verhulst.be\/wp-content\/uploads\/2023\/09\/VloerverwarmingVerhulst.png\" class=\"attachment-large size-large\" alt=\"\" srcset=\"https:\/\/www.chapewerken-verhulst.be\/wp-content\/uploads\/2023\/09\/VloerverwarmingVerhulst.png 608w, https:\/\/www.chapewerken-verhulst.be\/wp-content\/uploads\/2023\/09\/VloerverwarmingVerhulst-300x228.png 300w\" sizes=\"auto, (max-width: 608px) 100vw, 608px\" \/><\/div><\/div><div class=\"w-separator size_medium\"><\/div><div class=\"wpb_text_column\"><div class=\"wpb_wrapper\"><p><strong>Le type Chape Extra offre de nombreuses qualit\u00e9s suppl\u00e9mentaires par rapport au ferraillage traditionnel.<\/strong><\/p>\n<ul>\n<li>Chape renforc\u00e9e avec le compos\u00e9 Duremit<\/li>\n<li>Atteint des r\u00e9sistances \u00e0 la compression, \u00e0 la flexion et \u00e0 la traction jusqu&rsquo;\u00e0 3 fois sup\u00e9rieures<\/li>\n<li>Aucun renfort suppl\u00e9mentaire requis<\/li>\n<li>Remplace le renfort du filet et\/ou les fibres s\u00e8ches<\/li>\n<li>Le facteur eau\/ciment est r\u00e9duit de 30 \u00e0 40 % (s\u00e8che donc plus rapidement)<\/li>\n<li>Le risque de fissuration est consid\u00e9rablement r\u00e9duit<br \/>\nJusqu&rsquo;\u00e0 6 cm d&rsquo;\u00e9paisseur, cela ne co\u00fbte pas plus cher qu&rsquo;une chape avec filets de renfort<\/li>\n<li>Aucun dispersant suppl\u00e9mentaire n&rsquo;est requis pour le chauffage par le sol<\/li>\n<li>Conduction thermique bien meilleure et plus rapide pour votre chauffage au sol (r\u00e9duit les bulles d&rsquo;air)<\/li>\n<\/ul>\n<\/div><\/div><\/div><\/div><\/div><div class=\"vc_col-sm-3\/5 wpb_column vc_column_container\"><div class=\"vc_column-inner\"><div class=\"wpb_wrapper\"><div class=\"wpb_text_column us_custom_47e68cdb has_text_color\"><div class=\"wpb_wrapper\"><h5>1. SOL PORTANT EN B\u00c9TON<\/h5>\n<\/div><\/div><div class=\"w-separator size_small\"><\/div><div class=\"wpb_text_column\"><div class=\"wpb_wrapper\"><div id=\"m2550\" class=\"module text\">\n<p class=\"bodytext\">Les conduites d&rsquo;\u00e9lectricit\u00e9, d&rsquo;\u00e9vacuation, d&rsquo;eau, de ventilation, etc. sont pos\u00e9es sur le sol porteur en b\u00e9ton et incorpor\u00e9es dans une couche de remplissage (fig. 1).<\/p>\n<\/div>\n<\/div><\/div><div class=\"w-separator size_medium\"><\/div><div class=\"wpb_text_column us_custom_47e68cdb has_text_color\"><div class=\"wpb_wrapper\"><h5 class=\"smallsubtitle\">2. REMPLIR LA COUCHE<\/h5>\n<\/div><\/div><div class=\"w-separator size_small\"><\/div><div class=\"wpb_text_column\"><div class=\"wpb_wrapper\"><div id=\"m2550\" class=\"module text\">\n<p class=\"bodytext\">La couche de remplissage peut \u00eatre construite de plusieurs mani\u00e8res\u00a0:<\/p>\n<ul>\n<li>Couche de remplissage comme sous-couche isolante directe pour votre chauffage par le sol (fig. 2a + b ensemble)\u00a0:<br \/>\nIl s&rsquo;agit g\u00e9n\u00e9ralement de PUR projet\u00e9 (qui doit \u00eatre ponc\u00e9 avant l&rsquo;installation du chauffage par le sol) ou d&rsquo;une chape isolante coul\u00e9e avec des billes EPS.<\/li>\n<li>Couche de remplissage en surface plane, avec ou sans isolant (fig. 2b) : Si la couche n&rsquo;est pas isolante, elle sera g\u00e9n\u00e9ralement constitu\u00e9e d&rsquo;une chape standard (non arm\u00e9e, non taloch\u00e9e). En revanche, une couche de remplissage isolante est souvent constitu\u00e9e de b\u00e9ton cellulaire (couche isolante) ou d&rsquo;une chape isolante coul\u00e9e avec des billes EPS. Des panneaux isolants sont ensuite pos\u00e9s sur cette couche de remplissage (avec ou sans plots). Le PUR projet\u00e9 est rarement choisi pour une couche de remplissage.<\/li>\n<\/ul>\n<\/div>\n<\/div><\/div><div class=\"w-separator size_medium\"><\/div><div class=\"wpb_text_column us_custom_47e68cdb has_text_color\"><div class=\"wpb_wrapper\"><h5 class=\"smallsubtitle\">3. BUPS OU FILM PLASTIQUE<\/h5>\n<\/div><\/div><div class=\"w-separator size_small\"><\/div><div class=\"wpb_text_column\"><div class=\"wpb_wrapper\"><div id=\"m2550\" class=\"module text\">\n<p class=\"bodytext\">Si vous travaillez sans plots, un film plastique est plac\u00e9 sous les tuyaux du chauffage au sol (fig. 3).<\/p>\n<p>Vient ensuite la planche de finition dans laquelle sont int\u00e9gr\u00e9s les tuyaux du chauffage au sol.<\/p>\n<\/div>\n<\/div><\/div><div class=\"w-separator size_medium\"><\/div><div class=\"wpb_text_column us_custom_47e68cdb has_text_color\"><div class=\"wpb_wrapper\"><h5 class=\"smallsubtitle\">4. CHAPE ARM\u00c9E<\/h5>\n<\/div><\/div><div class=\"w-separator size_small\"><\/div><div class=\"wpb_text_column\"><div class=\"wpb_wrapper\"><div id=\"m2550\" class=\"module text\">\n<div id=\"m4154\" class=\"module text\">\n<p class=\"bodytext\">Cette planche de finition doit \u00eatre renforc\u00e9e (fig. 4). G\u00e9n\u00e9ralement, l&rsquo;une des options suivantes est propos\u00e9e\u00a0:<\/p>\n<\/div>\n<\/div>\n<\/div><\/div><div class=\"w-separator size_small\"><\/div><div class=\"w-iconbox iconpos_left style_default color_custom align_left\"><div class=\"w-iconbox-icon\" style=\"font-size:2rem;--icon-color:var(--color-content-primary);--icon-bg-color:var(--color-content-primary);\"><i class=\"far fa-check-square\"><\/i><\/div><div class=\"w-iconbox-meta\"><p class=\"w-iconbox-title\">Chape arm\u00e9e avec filets de renfort<\/p><div class=\"w-iconbox-text\"><p>50 x 50 x 2 x 2<\/p>\n<\/div><\/div><\/div><div class=\"w-separator size_small\"><\/div><div class=\"w-iconbox iconpos_left style_default color_custom align_left\"><div class=\"w-iconbox-icon\" style=\"font-size:2rem;--icon-color:var(--color-content-primary);--icon-bg-color:var(--color-content-primary);\"><i class=\"far fa-check-square\"><\/i><\/div><div class=\"w-iconbox-meta\"><p class=\"w-iconbox-title\">Chape renforc\u00e9e en fibres de polyester<\/p><div class=\"w-iconbox-text\"><p>(900 g\/m\u00b3)<\/p>\n<\/div><\/div><\/div><div class=\"w-separator size_small\"><\/div><div class=\"w-iconbox iconpos_left style_default color_custom align_left no_text\"><div class=\"w-iconbox-icon\" style=\"font-size:2rem;--icon-color:var(--color-content-primary);--icon-bg-color:var(--color-content-primary);\"><i class=\"far fa-check-square\"><\/i><\/div><div class=\"w-iconbox-meta\"><p class=\"w-iconbox-title\">Chape Extra<\/p><\/div><\/div><\/div><\/div><\/div><\/div><\/div><\/div><\/div><\/div><\/div><\/section><section class=\"l-section wpb_row us_custom_d1be4457 height_auto\"><div class=\"l-section-h i-cf\"><div class=\"g-cols vc_row via_flex valign_bottom type_default stacking_default\"><div class=\"vc_col-sm-5 wpb_column vc_column_container\"><div class=\"vc_column-inner\"><div class=\"wpb_wrapper\"><div class=\"w-separator size_huge\"><\/div><div class=\"wpb_text_column us_custom_6745946f has_text_color\"><div class=\"wpb_wrapper\"><div id=\"m3522\" class=\"module text\">\n<h4 class=\"subtitle\">BESOIN DE CONSEIL?<\/h4>\n<\/div>\n<\/div><\/div><div class=\"w-separator size_small\"><\/div><div class=\"wpb_text_column\"><div class=\"wpb_wrapper\"><div class=\"flexWrap\">\n<div id=\"m1856\" class=\"module text\">\n<div class=\"flexWrap\">\n<div id=\"m1903\" class=\"module text\">\n<div class=\"flexWrap\">\n<div id=\"m3335\" class=\"module text\">\n<p class=\"bodytext\"><span data-mono-global=\"company_name\">Vous ne savez pas quel type d&rsquo;isolation de sol convient \u00e0 votre projet de construction? N&rsquo;h\u00e9sitez pas \u00e0 nous contacter. Nos professionnels bien form\u00e9s sont heureux de donner leurs conseils d&rsquo;experts. Nous \u00e9tablirons un devis personnalis\u00e9 gratuit et sans engagement et nous venons effectuer une mesure \u00e9ventuelle.<\/span><\/p>\n<\/div>\n<\/div>\n<\/div>\n<\/div>\n<\/div>\n<\/div>\n<\/div><\/div><div class=\"w-separator size_medium\"><\/div><div class=\"w-btn-wrapper align_none\"><a class=\"w-btn us-btn-style_1\" href=\"https:\/\/www.chapewerken-verhulst.be\/contact\/\"><span class=\"w-btn-label\">CONTACTEZ-NOUS AUJOURD&rsquo;HUI<\/span><\/a><\/div><div class=\"w-separator size_huge\"><\/div><\/div><\/div><\/div><div class=\"vc_col-sm-1 wpb_column vc_column_container\"><div class=\"vc_column-inner\"><div class=\"wpb_wrapper\"><\/div><\/div><\/div><div class=\"vc_col-sm-6 wpb_column vc_column_container m300 has_bg_color stretched\"><div class=\"vc_column-inner us_custom_f25f155e\"><div class=\"wpb_wrapper\"><div class=\"g-cols wpb_row via_flex valign_top type_default stacking_default\"><div class=\"vc_col-sm-1 wpb_column vc_column_container\"><div class=\"vc_column-inner\"><div class=\"wpb_wrapper\"><\/div><\/div><\/div><div class=\"vc_col-sm-11 wpb_column vc_column_container\"><div class=\"vc_column-inner\"><div class=\"wpb_wrapper\"><div class=\"wpb_text_column us_custom_6df4bc3a has_text_color\"><div class=\"wpb_wrapper\"><h2 class=\"spottext\">PLUS DE 40 ANS D&rsquo;EXP\u00c9RIENCE<\/h2>\n<\/div><\/div><div class=\"w-separator us_custom_c31df91b lineleft size_small with_line width_30 thick_3 style_solid color_primary align_left\"><div class=\"w-separator-h\"><\/div><\/div><\/div><\/div><\/div><\/div><div class=\"w-separator size_large\"><\/div><\/div><\/div><\/div><\/div><\/div><\/section>\n","protected":false},"excerpt":{"rendered":"ISOLATION THERMIQUE DES SOLS SANS SOUCIS L\u2019isolation acoustique des sols contribue au confort de votre maison et permet de r\u00e9aliser des \u00e9conomies d&rsquo;\u00e9nergie significatives. DEMANDEZ UNE OFFREAUGMENTEZ L&rsquo;EFFICACIT\u00c9 DE VOTRE CHAUFFAGE AU SOL Lors de la pose de sols directement dans le mortier, il y a toujours des endroits o\u00f9 il n&rsquo;y a que de...","protected":false},"author":1,"featured_media":0,"parent":392,"menu_order":0,"comment_status":"closed","ping_status":"closed","template":"","meta":{"footnotes":""},"class_list":["post-396","page","type-page","status-publish","hentry"],"acf":[],"yoast_head":"<!-- This site is optimized with the Yoast SEO plugin v26.2 - https:\/\/yoast.com\/wordpress\/plugins\/seo\/ -->\n<title>Isolation thermique - Chapewerken Verhulst<\/title>\n<meta name=\"description\" content=\"Vous avez besoin de sp\u00e9cialistes en isolation avec PUR super La pose d isolation PUR est rapidement mise en oeuvre et ne n\u00e9cessite aucun temps de s\u00e9chage\" \/>\n<meta name=\"robots\" content=\"index, follow, max-snippet:-1, max-image-preview:large, max-video-preview:-1\" \/>\n<link rel=\"canonical\" href=\"https:\/\/www.chapewerken-verhulst.be\/fr\/isolation-du-sol\/isolation-thermique\/\" \/>\n<meta property=\"og:locale\" content=\"fr_FR\" \/>\n<meta property=\"og:type\" content=\"article\" \/>\n<meta property=\"og:title\" content=\"Isolation thermique - Chapewerken Verhulst\" \/>\n<meta property=\"og:description\" content=\"Vous avez besoin de sp\u00e9cialistes en isolation avec PUR super La pose d isolation PUR est rapidement mise en oeuvre et ne n\u00e9cessite aucun temps de s\u00e9chage\" \/>\n<meta property=\"og:url\" content=\"https:\/\/www.chapewerken-verhulst.be\/fr\/isolation-du-sol\/isolation-thermique\/\" \/>\n<meta property=\"og:site_name\" content=\"Chapewerken Verhulst\" \/>\n<meta property=\"article:modified_time\" content=\"2023-10-09T08:24:18+00:00\" \/>\n<meta name=\"twitter:card\" content=\"summary_large_image\" \/>\n<meta name=\"twitter:label1\" content=\"Dur\u00e9e de lecture est.\" \/>\n\t<meta name=\"twitter:data1\" content=\"4 minutes\" \/>\n<script type=\"application\/ld+json\" class=\"yoast-schema-graph\">{\"@context\":\"https:\/\/schema.org\",\"@graph\":[{\"@type\":\"WebPage\",\"@id\":\"https:\/\/www.chapewerken-verhulst.be\/fr\/isolation-du-sol\/isolation-thermique\/\",\"url\":\"https:\/\/www.chapewerken-verhulst.be\/fr\/isolation-du-sol\/isolation-thermique\/\",\"name\":\"Isolation thermique - Chapewerken Verhulst\",\"isPartOf\":{\"@id\":\"https:\/\/www.chapewerken-verhulst.be\/#website\"},\"datePublished\":\"2023-09-11T13:16:38+00:00\",\"dateModified\":\"2023-10-09T08:24:18+00:00\",\"description\":\"Vous avez besoin de sp\u00e9cialistes en isolation avec PUR super La pose d isolation PUR est rapidement mise en oeuvre et ne n\u00e9cessite aucun temps de s\u00e9chage\",\"breadcrumb\":{\"@id\":\"https:\/\/www.chapewerken-verhulst.be\/fr\/isolation-du-sol\/isolation-thermique\/#breadcrumb\"},\"inLanguage\":\"fr-BE\",\"potentialAction\":[{\"@type\":\"ReadAction\",\"target\":[\"https:\/\/www.chapewerken-verhulst.be\/fr\/isolation-du-sol\/isolation-thermique\/\"]}]},{\"@type\":\"BreadcrumbList\",\"@id\":\"https:\/\/www.chapewerken-verhulst.be\/fr\/isolation-du-sol\/isolation-thermique\/#breadcrumb\",\"itemListElement\":[{\"@type\":\"ListItem\",\"position\":1,\"name\":\"Home\",\"item\":\"https:\/\/www.chapewerken-verhulst.be\/fr\/\"},{\"@type\":\"ListItem\",\"position\":2,\"name\":\"Isolation du sol\",\"item\":\"https:\/\/www.chapewerken-verhulst.be\/fr\/isolation-du-sol\/\"},{\"@type\":\"ListItem\",\"position\":3,\"name\":\"Isolation thermique\"}]},{\"@type\":\"WebSite\",\"@id\":\"https:\/\/www.chapewerken-verhulst.be\/#website\",\"url\":\"https:\/\/www.chapewerken-verhulst.be\/\",\"name\":\"Chapewerken Verhulst\",\"description\":\"\",\"potentialAction\":[{\"@type\":\"SearchAction\",\"target\":{\"@type\":\"EntryPoint\",\"urlTemplate\":\"https:\/\/www.chapewerken-verhulst.be\/?s={search_term_string}\"},\"query-input\":{\"@type\":\"PropertyValueSpecification\",\"valueRequired\":true,\"valueName\":\"search_term_string\"}}],\"inLanguage\":\"fr-BE\"}]}<\/script>\n<!-- \/ Yoast SEO plugin. -->","yoast_head_json":{"title":"Isolation thermique - Chapewerken Verhulst","description":"Vous avez besoin de sp\u00e9cialistes en isolation avec PUR super La pose d isolation PUR est rapidement mise en oeuvre et ne n\u00e9cessite aucun temps de s\u00e9chage","robots":{"index":"index","follow":"follow","max-snippet":"max-snippet:-1","max-image-preview":"max-image-preview:large","max-video-preview":"max-video-preview:-1"},"canonical":"https:\/\/www.chapewerken-verhulst.be\/fr\/isolation-du-sol\/isolation-thermique\/","og_locale":"fr_FR","og_type":"article","og_title":"Isolation thermique - Chapewerken Verhulst","og_description":"Vous avez besoin de sp\u00e9cialistes en isolation avec PUR super La pose d isolation PUR est rapidement mise en oeuvre et ne n\u00e9cessite aucun temps de s\u00e9chage","og_url":"https:\/\/www.chapewerken-verhulst.be\/fr\/isolation-du-sol\/isolation-thermique\/","og_site_name":"Chapewerken Verhulst","article_modified_time":"2023-10-09T08:24:18+00:00","twitter_card":"summary_large_image","twitter_misc":{"Dur\u00e9e de lecture est.":"4 minutes"},"schema":{"@context":"https:\/\/schema.org","@graph":[{"@type":"WebPage","@id":"https:\/\/www.chapewerken-verhulst.be\/fr\/isolation-du-sol\/isolation-thermique\/","url":"https:\/\/www.chapewerken-verhulst.be\/fr\/isolation-du-sol\/isolation-thermique\/","name":"Isolation thermique - Chapewerken Verhulst","isPartOf":{"@id":"https:\/\/www.chapewerken-verhulst.be\/#website"},"datePublished":"2023-09-11T13:16:38+00:00","dateModified":"2023-10-09T08:24:18+00:00","description":"Vous avez besoin de sp\u00e9cialistes en isolation avec PUR super La pose d isolation PUR est rapidement mise en oeuvre et ne n\u00e9cessite aucun temps de s\u00e9chage","breadcrumb":{"@id":"https:\/\/www.chapewerken-verhulst.be\/fr\/isolation-du-sol\/isolation-thermique\/#breadcrumb"},"inLanguage":"fr-BE","potentialAction":[{"@type":"ReadAction","target":["https:\/\/www.chapewerken-verhulst.be\/fr\/isolation-du-sol\/isolation-thermique\/"]}]},{"@type":"BreadcrumbList","@id":"https:\/\/www.chapewerken-verhulst.be\/fr\/isolation-du-sol\/isolation-thermique\/#breadcrumb","itemListElement":[{"@type":"ListItem","position":1,"name":"Home","item":"https:\/\/www.chapewerken-verhulst.be\/fr\/"},{"@type":"ListItem","position":2,"name":"Isolation du sol","item":"https:\/\/www.chapewerken-verhulst.be\/fr\/isolation-du-sol\/"},{"@type":"ListItem","position":3,"name":"Isolation thermique"}]},{"@type":"WebSite","@id":"https:\/\/www.chapewerken-verhulst.be\/#website","url":"https:\/\/www.chapewerken-verhulst.be\/","name":"Chapewerken Verhulst","description":"","potentialAction":[{"@type":"SearchAction","target":{"@type":"EntryPoint","urlTemplate":"https:\/\/www.chapewerken-verhulst.be\/?s={search_term_string}"},"query-input":{"@type":"PropertyValueSpecification","valueRequired":true,"valueName":"search_term_string"}}],"inLanguage":"fr-BE"}]}},"_links":{"self":[{"href":"https:\/\/www.chapewerken-verhulst.be\/fr\/wp-json\/wp\/v2\/pages\/396","targetHints":{"allow":["GET"]}}],"collection":[{"href":"https:\/\/www.chapewerken-verhulst.be\/fr\/wp-json\/wp\/v2\/pages"}],"about":[{"href":"https:\/\/www.chapewerken-verhulst.be\/fr\/wp-json\/wp\/v2\/types\/page"}],"author":[{"embeddable":true,"href":"https:\/\/www.chapewerken-verhulst.be\/fr\/wp-json\/wp\/v2\/users\/1"}],"replies":[{"embeddable":true,"href":"https:\/\/www.chapewerken-verhulst.be\/fr\/wp-json\/wp\/v2\/comments?post=396"}],"version-history":[{"count":6,"href":"https:\/\/www.chapewerken-verhulst.be\/fr\/wp-json\/wp\/v2\/pages\/396\/revisions"}],"predecessor-version":[{"id":578,"href":"https:\/\/www.chapewerken-verhulst.be\/fr\/wp-json\/wp\/v2\/pages\/396\/revisions\/578"}],"up":[{"embeddable":true,"href":"https:\/\/www.chapewerken-verhulst.be\/fr\/wp-json\/wp\/v2\/pages\/392"}],"wp:attachment":[{"href":"https:\/\/www.chapewerken-verhulst.be\/fr\/wp-json\/wp\/v2\/media?parent=396"}],"curies":[{"name":"wp","href":"https:\/\/api.w.org\/{rel}","templated":true}]}}