{"id":398,"date":"2023-09-11T15:16:38","date_gmt":"2023-09-11T13:16:38","guid":{"rendered":"https:\/\/www.chapewerken-verhulst.be\/?page_id=398"},"modified":"2024-01-24T21:53:16","modified_gmt":"2024-01-24T19:53:16","slug":"isolation-acoustique","status":"publish","type":"page","link":"https:\/\/www.chapewerken-verhulst.be\/fr\/isolation-du-sol\/isolation-acoustique\/","title":{"rendered":"Isolation acoustique"},"content":{"rendered":"<section class=\"l-section wpb_row us_custom_d1be4457 height_auto\"><div class=\"l-section-h i-cf\"><div class=\"g-cols vc_row via_flex valign_top type_default stacking_default\"><div class=\"vc_col-sm-6 wpb_column vc_column_container m300 has_bg_color stretched\"><div class=\"vc_column-inner us_custom_6d9afe02\"><div class=\"wpb_wrapper\"><\/div><\/div><\/div><div class=\"vc_col-sm-1 wpb_column vc_column_container\"><div class=\"vc_column-inner\"><div class=\"wpb_wrapper\"><\/div><\/div><\/div><div class=\"vc_col-sm-5 wpb_column vc_column_container\"><div class=\"vc_column-inner\"><div class=\"wpb_wrapper\"><div class=\"w-separator size_huge\"><\/div><div class=\"wpb_text_column us_custom_6745946f has_text_color\"><div class=\"wpb_wrapper\"><div id=\"m4650\" class=\"module text\">\n<div id=\"m1675\" class=\"module text\">\n<h1 class=\"darkspottext\">ISOLATION ACOUSTIQUE POUR VOTRE SOL<\/h1>\n<\/div>\n<\/div>\n<\/div><\/div><div class=\"w-separator lineleft size_small with_line width_30 thick_1 style_solid color_primary align_center\"><div class=\"w-separator-h\"><\/div><\/div><div class=\"wpb_text_column\"><div class=\"wpb_wrapper\"><div class=\"flexWrap\">\n<div id=\"m3221\" class=\"module text\">\n<div class=\"flexWrap\">\n<div id=\"m4228\" class=\"module text\">\n<p class=\"darksmallspottext\">L&rsquo;isolation acoustique des sols est de plus en plus utilis\u00e9e pour r\u00e9duire les bruits de contact des voisins ou des colocataires.<\/p>\n<\/div>\n<\/div>\n<\/div>\n<\/div>\n<\/div><\/div><div class=\"w-separator size_small\"><\/div><div class=\"w-btn-wrapper align_none\"><a class=\"w-btn us-btn-style_1\" href=\"https:\/\/www.chapewerken-verhulst.be\/fr\/devis-gratuit\/\"><span class=\"w-btn-label\">DEMANDEZ UNE OFFRE<\/span><\/a><\/div><div class=\"w-separator size_huge\"><\/div><\/div><\/div><\/div><\/div><\/div><\/section><section class=\"l-section wpb_row height_large\"><div class=\"l-section-h i-cf\"><div class=\"g-cols vc_row via_flex valign_middle type_default stacking_default\"><div class=\"vc_col-sm-5 wpb_column vc_column_container\"><div class=\"vc_column-inner\"><div class=\"wpb_wrapper\"><div class=\"wpb_text_column us_custom_6745946f has_text_color\"><div class=\"wpb_wrapper\"><div id=\"m4650\" class=\"module text\">\n<div id=\"m1675\" class=\"module text\">\n<div id=\"m4793\" class=\"module text\">\n<h2 class=\"subtitle\">\u00c9VITER LES BRUITS DE CONTACT AVEC UNE ISOLATION ACOUSTIQUE<\/h2>\n<\/div>\n<\/div>\n<\/div>\n<\/div><\/div><div class=\"w-separator lineleft size_small with_line width_30 thick_1 style_solid color_primary align_center\"><div class=\"w-separator-h\"><\/div><\/div><div class=\"wpb_text_column\"><div class=\"wpb_wrapper\"><div id=\"c2335\" class=\"col col-sm-12 col-md-6 col-lg-6\">\n<div id=\"m2451\" class=\"module text\">\n<p>Les bruits d&rsquo;impact se produisent, par exemple, lorsque les voisins du dessus marchent de long en large ou que des meubles sont d\u00e9plac\u00e9s. Cela cr\u00e9e des vibrations qui se propagent \u00e0 travers le sol et les murs jusqu&rsquo;au reste du b\u00e2timent. Ces vibrations sont per\u00e7ues comme du bruit et peuvent \u00e9ventuellement provoquer des nuisances sonores.<\/p>\n<p>Le type d&rsquo;isolation acoustique le plus appropri\u00e9 d\u00e9pend du type de sol. Par exemple, un sol en b\u00e9ton est isol\u00e9 diff\u00e9remment d&rsquo;un sol en bois. <a href=\"https:\/\/www.chapewerken-verhulst.be\/fr\/a-propos-de-nous\/\">Chapewerken Verhulst<\/a> vous aidera volontiers \u00e0 faire le bon choix.<\/p>\n<\/div>\n<\/div>\n<div id=\"c2485\" class=\"col col-sm-12 col-md-6 col-lg-6\"><\/div>\n<h3>Nos partenaires<\/h3>\n<p>Les marques connues de mat\u00e9riaux d&rsquo;isolation avec lesquelles nous travaillons souvent sont\u00a0<a href=\"https:\/\/www.insulco.be\/fr\/insulco-specialiste-isolation-mince\/\" target=\"_blank\" rel=\"noopener\">Insulit<\/a>, <a href=\"https:\/\/abrisojiffy.com\/\" target=\"_blank\" rel=\"noopener\">Acousticfoam<\/a> et <a href=\"https:\/\/abrisojiffy.com\/\" target=\"_blank\" rel=\"noopener\">Acoustic Reflex<\/a>.<\/p>\n<p>Des informations plus d\u00e9taill\u00e9es sont disponibles sur leurs sites web.<\/p>\n<\/div><\/div><\/div><\/div><\/div><div class=\"vc_col-sm-1 wpb_column vc_column_container\"><div class=\"vc_column-inner\"><div class=\"wpb_wrapper\"><\/div><\/div><\/div><div class=\"vc_col-sm-5 wpb_column vc_column_container\"><div class=\"vc_column-inner\"><div class=\"wpb_wrapper\"><div class=\"w-image align_center\"><div class=\"w-image-h\"><img loading=\"lazy\" decoding=\"async\" width=\"550\" height=\"300\" src=\"https:\/\/www.chapewerken-verhulst.be\/wp-content\/uploads\/2023\/09\/p2_3_1.jpg\" class=\"attachment-large size-large\" alt=\"\" srcset=\"https:\/\/www.chapewerken-verhulst.be\/wp-content\/uploads\/2023\/09\/p2_3_1.jpg 550w, https:\/\/www.chapewerken-verhulst.be\/wp-content\/uploads\/2023\/09\/p2_3_1-300x164.jpg 300w\" sizes=\"auto, (max-width: 550px) 100vw, 550px\" \/><\/div><\/div><\/div><\/div><\/div><div class=\"vc_col-sm-1 wpb_column vc_column_container\"><div class=\"vc_column-inner\"><div class=\"wpb_wrapper\"><\/div><\/div><\/div><\/div><\/div><\/section><section class=\"l-section wpb_row us_custom_d1be4457 height_auto\"><div class=\"l-section-h i-cf\"><div class=\"g-cols vc_row via_flex valign_bottom type_default stacking_default\"><div class=\"vc_col-sm-5 wpb_column vc_column_container\"><div class=\"vc_column-inner\"><div class=\"wpb_wrapper\"><div class=\"w-separator size_huge\"><\/div><div class=\"wpb_text_column us_custom_6745946f has_text_color\"><div class=\"wpb_wrapper\"><div id=\"m3522\" class=\"module text\">\n<h4 class=\"subtitle\">BESOIN DE CONSEIL?<\/h4>\n<\/div>\n<\/div><\/div><div class=\"w-separator size_small\"><\/div><div class=\"wpb_text_column\"><div class=\"wpb_wrapper\"><div class=\"flexWrap\">\n<div id=\"m1856\" class=\"module text\">\n<div class=\"flexWrap\">\n<div id=\"m1903\" class=\"module text\">\n<div class=\"flexWrap\">\n<div id=\"m3335\" class=\"module text\">\n<div class=\"flexWrap\">\n<div id=\"m1206\" class=\"module text\">\n<p class=\"bodytext\">Chapewerken Verhulst de Gullegem est une entreprise sp\u00e9cialis\u00e9e dans la pose d&rsquo;isolation acoustique.<br \/>\nN&rsquo;h\u00e9sitez pas \u00e0 nous <a href=\"https:\/\/www.chapewerken-verhulst.be\/fr\/contact\/\">contacter<\/a> ou \u00e0 venir vous renseigner.<\/p>\n<\/div>\n<\/div>\n<\/div>\n<\/div>\n<\/div>\n<\/div>\n<\/div>\n<\/div>\n<\/div><\/div><div class=\"w-separator size_medium\"><\/div><div class=\"w-btn-wrapper align_none\"><a class=\"w-btn us-btn-style_1\" href=\"https:\/\/www.chapewerken-verhulst.be\/fr\/contact\/\"><span class=\"w-btn-label\">CONTACTEZ-NOUS AUJOURD&rsquo;HUI<\/span><\/a><\/div><div class=\"w-separator size_huge\"><\/div><\/div><\/div><\/div><div class=\"vc_col-sm-1 wpb_column vc_column_container\"><div class=\"vc_column-inner\"><div class=\"wpb_wrapper\"><\/div><\/div><\/div><div class=\"vc_col-sm-6 wpb_column vc_column_container m300 has_bg_color stretched\"><div class=\"vc_column-inner us_custom_f25f155e\"><div class=\"wpb_wrapper\"><div class=\"g-cols wpb_row via_flex valign_top type_default stacking_default\"><div class=\"vc_col-sm-1 wpb_column vc_column_container\"><div class=\"vc_column-inner\"><div class=\"wpb_wrapper\"><\/div><\/div><\/div><div class=\"vc_col-sm-11 wpb_column vc_column_container\"><div class=\"vc_column-inner\"><div class=\"wpb_wrapper\"><div class=\"wpb_text_column us_custom_6df4bc3a has_text_color\"><div class=\"wpb_wrapper\"><h2 class=\"spottext\">PLUS DE 40 ANS D&rsquo;EXP\u00c9RIENCE<\/h2>\n<\/div><\/div><div class=\"w-separator us_custom_c31df91b lineleft size_small with_line width_30 thick_3 style_solid color_primary align_left\"><div class=\"w-separator-h\"><\/div><\/div><\/div><\/div><\/div><\/div><div class=\"w-separator size_large\"><\/div><\/div><\/div><\/div><\/div><\/div><\/section>\n","protected":false},"excerpt":{"rendered":"ISOLATION ACOUSTIQUE POUR VOTRE SOL L&rsquo;isolation acoustique des sols est de plus en plus utilis\u00e9e pour r\u00e9duire les bruits de contact des voisins ou des colocataires. DEMANDEZ UNE OFFRE \u00c9VITER LES BRUITS DE CONTACT AVEC UNE ISOLATION ACOUSTIQUE Les bruits d&rsquo;impact se produisent, par exemple, lorsque les voisins du dessus marchent de long en large...","protected":false},"author":1,"featured_media":0,"parent":392,"menu_order":1,"comment_status":"closed","ping_status":"closed","template":"","meta":{"footnotes":""},"class_list":["post-398","page","type-page","status-publish","hentry"],"acf":[],"yoast_head":"<!-- This site is optimized with the Yoast SEO plugin v26.2 - https:\/\/yoast.com\/wordpress\/plugins\/seo\/ -->\n<title>Isolation acoustique - Chapewerken Verhulst<\/title>\n<meta name=\"description\" content=\"Bref, pour l isolation acoustique des b\u00e2timents et l isolation thermique vous \u00eates \u00e0 la bonne adresse chez Chapewerken Verhulst\" \/>\n<meta name=\"robots\" content=\"index, follow, max-snippet:-1, max-image-preview:large, max-video-preview:-1\" \/>\n<link rel=\"canonical\" href=\"https:\/\/www.chapewerken-verhulst.be\/fr\/isolation-du-sol\/isolation-acoustique\/\" \/>\n<meta property=\"og:locale\" content=\"fr_FR\" \/>\n<meta property=\"og:type\" content=\"article\" \/>\n<meta property=\"og:title\" content=\"Isolation acoustique - Chapewerken Verhulst\" \/>\n<meta property=\"og:description\" content=\"Bref, pour l isolation acoustique des b\u00e2timents et l isolation thermique vous \u00eates \u00e0 la bonne adresse chez Chapewerken Verhulst\" \/>\n<meta property=\"og:url\" content=\"https:\/\/www.chapewerken-verhulst.be\/fr\/isolation-du-sol\/isolation-acoustique\/\" \/>\n<meta property=\"og:site_name\" content=\"Chapewerken Verhulst\" \/>\n<meta property=\"article:modified_time\" content=\"2024-01-24T19:53:16+00:00\" \/>\n<meta name=\"twitter:card\" content=\"summary_large_image\" \/>\n<meta name=\"twitter:label1\" content=\"Dur\u00e9e de lecture est.\" \/>\n\t<meta name=\"twitter:data1\" content=\"2 minutes\" \/>\n<script type=\"application\/ld+json\" class=\"yoast-schema-graph\">{\"@context\":\"https:\/\/schema.org\",\"@graph\":[{\"@type\":\"WebPage\",\"@id\":\"https:\/\/www.chapewerken-verhulst.be\/fr\/isolation-du-sol\/isolation-acoustique\/\",\"url\":\"https:\/\/www.chapewerken-verhulst.be\/fr\/isolation-du-sol\/isolation-acoustique\/\",\"name\":\"Isolation acoustique - Chapewerken Verhulst\",\"isPartOf\":{\"@id\":\"https:\/\/www.chapewerken-verhulst.be\/#website\"},\"datePublished\":\"2023-09-11T13:16:38+00:00\",\"dateModified\":\"2024-01-24T19:53:16+00:00\",\"description\":\"Bref, pour l isolation acoustique des b\u00e2timents et l isolation thermique vous \u00eates \u00e0 la bonne adresse chez Chapewerken Verhulst\",\"breadcrumb\":{\"@id\":\"https:\/\/www.chapewerken-verhulst.be\/fr\/isolation-du-sol\/isolation-acoustique\/#breadcrumb\"},\"inLanguage\":\"fr-BE\",\"potentialAction\":[{\"@type\":\"ReadAction\",\"target\":[\"https:\/\/www.chapewerken-verhulst.be\/fr\/isolation-du-sol\/isolation-acoustique\/\"]}]},{\"@type\":\"BreadcrumbList\",\"@id\":\"https:\/\/www.chapewerken-verhulst.be\/fr\/isolation-du-sol\/isolation-acoustique\/#breadcrumb\",\"itemListElement\":[{\"@type\":\"ListItem\",\"position\":1,\"name\":\"Home\",\"item\":\"https:\/\/www.chapewerken-verhulst.be\/fr\/\"},{\"@type\":\"ListItem\",\"position\":2,\"name\":\"Isolation du sol\",\"item\":\"https:\/\/www.chapewerken-verhulst.be\/fr\/isolation-du-sol\/\"},{\"@type\":\"ListItem\",\"position\":3,\"name\":\"Isolation acoustique\"}]},{\"@type\":\"WebSite\",\"@id\":\"https:\/\/www.chapewerken-verhulst.be\/#website\",\"url\":\"https:\/\/www.chapewerken-verhulst.be\/\",\"name\":\"Chapewerken Verhulst\",\"description\":\"\",\"potentialAction\":[{\"@type\":\"SearchAction\",\"target\":{\"@type\":\"EntryPoint\",\"urlTemplate\":\"https:\/\/www.chapewerken-verhulst.be\/?s={search_term_string}\"},\"query-input\":{\"@type\":\"PropertyValueSpecification\",\"valueRequired\":true,\"valueName\":\"search_term_string\"}}],\"inLanguage\":\"fr-BE\"}]}<\/script>\n<!-- \/ Yoast SEO plugin. -->","yoast_head_json":{"title":"Isolation acoustique - Chapewerken Verhulst","description":"Bref, pour l isolation acoustique des b\u00e2timents et l isolation thermique vous \u00eates \u00e0 la bonne adresse chez Chapewerken Verhulst","robots":{"index":"index","follow":"follow","max-snippet":"max-snippet:-1","max-image-preview":"max-image-preview:large","max-video-preview":"max-video-preview:-1"},"canonical":"https:\/\/www.chapewerken-verhulst.be\/fr\/isolation-du-sol\/isolation-acoustique\/","og_locale":"fr_FR","og_type":"article","og_title":"Isolation acoustique - Chapewerken Verhulst","og_description":"Bref, pour l isolation acoustique des b\u00e2timents et l isolation thermique vous \u00eates \u00e0 la bonne adresse chez Chapewerken Verhulst","og_url":"https:\/\/www.chapewerken-verhulst.be\/fr\/isolation-du-sol\/isolation-acoustique\/","og_site_name":"Chapewerken Verhulst","article_modified_time":"2024-01-24T19:53:16+00:00","twitter_card":"summary_large_image","twitter_misc":{"Dur\u00e9e de lecture est.":"2 minutes"},"schema":{"@context":"https:\/\/schema.org","@graph":[{"@type":"WebPage","@id":"https:\/\/www.chapewerken-verhulst.be\/fr\/isolation-du-sol\/isolation-acoustique\/","url":"https:\/\/www.chapewerken-verhulst.be\/fr\/isolation-du-sol\/isolation-acoustique\/","name":"Isolation acoustique - Chapewerken Verhulst","isPartOf":{"@id":"https:\/\/www.chapewerken-verhulst.be\/#website"},"datePublished":"2023-09-11T13:16:38+00:00","dateModified":"2024-01-24T19:53:16+00:00","description":"Bref, pour l isolation acoustique des b\u00e2timents et l isolation thermique vous \u00eates \u00e0 la bonne adresse chez Chapewerken Verhulst","breadcrumb":{"@id":"https:\/\/www.chapewerken-verhulst.be\/fr\/isolation-du-sol\/isolation-acoustique\/#breadcrumb"},"inLanguage":"fr-BE","potentialAction":[{"@type":"ReadAction","target":["https:\/\/www.chapewerken-verhulst.be\/fr\/isolation-du-sol\/isolation-acoustique\/"]}]},{"@type":"BreadcrumbList","@id":"https:\/\/www.chapewerken-verhulst.be\/fr\/isolation-du-sol\/isolation-acoustique\/#breadcrumb","itemListElement":[{"@type":"ListItem","position":1,"name":"Home","item":"https:\/\/www.chapewerken-verhulst.be\/fr\/"},{"@type":"ListItem","position":2,"name":"Isolation du sol","item":"https:\/\/www.chapewerken-verhulst.be\/fr\/isolation-du-sol\/"},{"@type":"ListItem","position":3,"name":"Isolation acoustique"}]},{"@type":"WebSite","@id":"https:\/\/www.chapewerken-verhulst.be\/#website","url":"https:\/\/www.chapewerken-verhulst.be\/","name":"Chapewerken Verhulst","description":"","potentialAction":[{"@type":"SearchAction","target":{"@type":"EntryPoint","urlTemplate":"https:\/\/www.chapewerken-verhulst.be\/?s={search_term_string}"},"query-input":{"@type":"PropertyValueSpecification","valueRequired":true,"valueName":"search_term_string"}}],"inLanguage":"fr-BE"}]}},"_links":{"self":[{"href":"https:\/\/www.chapewerken-verhulst.be\/fr\/wp-json\/wp\/v2\/pages\/398","targetHints":{"allow":["GET"]}}],"collection":[{"href":"https:\/\/www.chapewerken-verhulst.be\/fr\/wp-json\/wp\/v2\/pages"}],"about":[{"href":"https:\/\/www.chapewerken-verhulst.be\/fr\/wp-json\/wp\/v2\/types\/page"}],"author":[{"embeddable":true,"href":"https:\/\/www.chapewerken-verhulst.be\/fr\/wp-json\/wp\/v2\/users\/1"}],"replies":[{"embeddable":true,"href":"https:\/\/www.chapewerken-verhulst.be\/fr\/wp-json\/wp\/v2\/comments?post=398"}],"version-history":[{"count":6,"href":"https:\/\/www.chapewerken-verhulst.be\/fr\/wp-json\/wp\/v2\/pages\/398\/revisions"}],"predecessor-version":[{"id":627,"href":"https:\/\/www.chapewerken-verhulst.be\/fr\/wp-json\/wp\/v2\/pages\/398\/revisions\/627"}],"up":[{"embeddable":true,"href":"https:\/\/www.chapewerken-verhulst.be\/fr\/wp-json\/wp\/v2\/pages\/392"}],"wp:attachment":[{"href":"https:\/\/www.chapewerken-verhulst.be\/fr\/wp-json\/wp\/v2\/media?parent=398"}],"curies":[{"name":"wp","href":"https:\/\/api.w.org\/{rel}","templated":true}]}}