{"id":400,"date":"2023-09-11T15:16:38","date_gmt":"2023-09-11T13:16:38","guid":{"rendered":"https:\/\/www.chapewerken-verhulst.be\/?page_id=400"},"modified":"2023-10-09T10:25:43","modified_gmt":"2023-10-09T08:25:43","slug":"downloads","status":"publish","type":"page","link":"https:\/\/www.chapewerken-verhulst.be\/fr\/downloads\/","title":{"rendered":"Downloads"},"content":{"rendered":"<section class=\"l-section wpb_row us_custom_d1be4457 height_auto\"><div class=\"l-section-h i-cf\"><div class=\"g-cols vc_row via_flex valign_top type_default stacking_default\"><div class=\"vc_col-sm-6 wpb_column vc_column_container m300 has_bg_color stretched\"><div class=\"vc_column-inner us_custom_1e6285e2\"><div class=\"wpb_wrapper\"><\/div><\/div><\/div><div class=\"vc_col-sm-1 wpb_column vc_column_container\"><div class=\"vc_column-inner\"><div class=\"wpb_wrapper\"><\/div><\/div><\/div><div class=\"vc_col-sm-5 wpb_column vc_column_container\"><div class=\"vc_column-inner\"><div class=\"wpb_wrapper\"><div class=\"w-separator size_huge\"><\/div><div class=\"wpb_text_column us_custom_6745946f has_text_color\"><div class=\"wpb_wrapper\"><div id=\"m4650\" class=\"module text\">\n<div id=\"m1675\" class=\"module text\">\n<div id=\"m1442\" class=\"module text\">\n<h1 class=\"darkspottext\">T\u00c9L\u00c9CHARGER NOS TRUCS ET ASTUCES<\/h1>\n<\/div>\n<\/div>\n<\/div>\n<\/div><\/div><div class=\"w-separator lineleft size_small with_line width_30 thick_1 style_solid color_primary align_center\"><div class=\"w-separator-h\"><\/div><\/div><div class=\"wpb_text_column\"><div class=\"wpb_wrapper\"><div class=\"flexWrap\">\n<div id=\"m3221\" class=\"module text\">\n<div class=\"flexWrap\">\n<div id=\"m4228\" class=\"module text\">\n<div class=\"flexWrap\">\n<div id=\"m3220\" class=\"module text\">\n<p class=\"darksmallspottext\">Si vous souhaitez plus d&rsquo;informations sur nos produits, consultez nos brochures \u00e0 l&rsquo;avance.<\/p>\n<\/div>\n<\/div>\n<\/div>\n<\/div>\n<\/div>\n<\/div>\n<\/div><\/div><div class=\"w-separator size_small\"><\/div><div class=\"w-btn-wrapper align_none\"><a class=\"w-btn us-btn-style_1\" href=\"#consultez\"><span class=\"w-btn-label\">CONSULTEZ NOS BROCHURES<\/span><\/a><\/div><div class=\"w-separator size_huge\"><\/div><\/div><\/div><\/div><\/div><\/div><\/section><section class=\"l-section wpb_row height_medium\" id=\"consultez\"><div class=\"l-section-h i-cf\"><div class=\"g-cols vc_row via_flex valign_top type_default stacking_default\"><div class=\"vc_col-sm-12 wpb_column vc_column_container\"><div class=\"vc_column-inner\"><div class=\"wpb_wrapper\"><div class=\"wpb_text_column us_custom_6745946f has_text_color\"><div class=\"wpb_wrapper\"><div id=\"m4650\" class=\"module text\">\n<div id=\"m1675\" class=\"module text\">\n<div id=\"m1442\" class=\"module text\">\n<div id=\"r3763\" class=\"row \">\n<div id=\"r3763c\" class=\"container container-fixed \">\n<div id=\"c3893\" class=\"col col-sm-12\">\n<div id=\"m2012\" class=\"module text\">\n<h2 class=\"smallsubtitle\">VOIR NOS DOWNLOADS<\/h2>\n<\/div>\n<\/div>\n<\/div>\n<\/div>\n<\/div>\n<\/div>\n<\/div>\n<\/div><\/div><div class=\"w-separator lineleft size_small with_line width_30 thick_1 style_solid color_primary align_center\"><div class=\"w-separator-h\"><\/div><\/div><div class=\"w-iconbox us_custom_6745946f has_text_color iconpos_left style_default color_primary align_left no_text\"><a href=\"\/wp-content\/uploads\/2023\/09\/0faeae23-8f9e-41c8-8dfe-38a52fa7a656.pdf\" class=\"w-iconbox-link\" aria-label=\"Plus d&rsquo;info plancher chauffante\"><div class=\"w-iconbox-icon\" style=\"font-size:2rem;\"><i class=\"fas fa-file-pdf\"><\/i><\/div><\/a><div class=\"w-iconbox-meta\"><a href=\"\/wp-content\/uploads\/2023\/09\/0faeae23-8f9e-41c8-8dfe-38a52fa7a656.pdf\" class=\"w-iconbox-link\" aria-label=\"Plus d&rsquo;info plancher chauffante\"><p class=\"w-iconbox-title\">Plus d&rsquo;info plancher chauffante<\/p><\/a><\/div><\/div><div class=\"w-separator size_small\"><\/div><div class=\"w-iconbox us_custom_6745946f has_text_color iconpos_left style_default color_primary align_left no_text\"><a href=\"\/wp-content\/uploads\/2023\/09\/2ed0a477-fee7-4ea5-b264-7b8aa8ea2b84.pdf\" class=\"w-iconbox-link\" aria-label=\"Renovation avec Chapewerken Verhulst\"><div class=\"w-iconbox-icon\" style=\"font-size:2rem;\"><i class=\"fas fa-file-pdf\"><\/i><\/div><\/a><div class=\"w-iconbox-meta\"><a href=\"\/wp-content\/uploads\/2023\/09\/2ed0a477-fee7-4ea5-b264-7b8aa8ea2b84.pdf\" class=\"w-iconbox-link\" aria-label=\"Renovation avec Chapewerken Verhulst\"><p class=\"w-iconbox-title\">Renovation avec Chapewerken Verhulst<\/p><\/a><\/div><\/div><div class=\"w-separator size_small\"><\/div><div class=\"w-iconbox us_custom_6745946f has_text_color iconpos_left style_default color_primary align_left no_text\"><a href=\"\/wp-content\/uploads\/2023\/09\/60694e1f-c743-4257-b32c-3fb73c6b9724.pdf\" class=\"w-iconbox-link\" aria-label=\"Flyer Chapewerken Verhulst\"><div class=\"w-iconbox-icon\" style=\"font-size:2rem;\"><i class=\"fas fa-file-pdf\"><\/i><\/div><\/a><div class=\"w-iconbox-meta\"><a href=\"\/wp-content\/uploads\/2023\/09\/60694e1f-c743-4257-b32c-3fb73c6b9724.pdf\" class=\"w-iconbox-link\" aria-label=\"Flyer Chapewerken Verhulst\"><p class=\"w-iconbox-title\">Flyer Chapewerken Verhulst<\/p><\/a><\/div><\/div><div class=\"w-separator size_small\"><\/div><div class=\"w-iconbox us_custom_6745946f has_text_color iconpos_left style_default color_primary align_left no_text\"><a href=\"\/wp-content\/uploads\/2023\/09\/8c95e9ad-9b15-4b43-8eaa-aa33c21461e0.pdf\" class=\"w-iconbox-link\" aria-label=\"Grouttech Vezel Compound Duremitdekvloeren: applications\"><div class=\"w-iconbox-icon\" style=\"font-size:2rem;\"><i class=\"fas fa-file-pdf\"><\/i><\/div><\/a><div class=\"w-iconbox-meta\"><a href=\"\/wp-content\/uploads\/2023\/09\/8c95e9ad-9b15-4b43-8eaa-aa33c21461e0.pdf\" class=\"w-iconbox-link\" aria-label=\"Grouttech Vezel Compound Duremitdekvloeren: applications\"><p class=\"w-iconbox-title\">Grouttech Vezel Compound Duremitdekvloeren: applications<\/p><\/a><\/div><\/div><div class=\"w-separator size_small\"><\/div><div class=\"w-iconbox us_custom_6745946f has_text_color iconpos_left style_default color_primary align_left no_text\"><a href=\"\/wp-content\/uploads\/2023\/09\/cab1cabc-96a2-48b9-82e3-b0ad455003d0.pdf\" class=\"w-iconbox-link\" aria-label=\"Grouttech Vezel Compound Duremitdekvloeren: Avantages\"><div class=\"w-iconbox-icon\" style=\"font-size:2rem;\"><i class=\"fas fa-file-pdf\"><\/i><\/div><\/a><div class=\"w-iconbox-meta\"><a href=\"\/wp-content\/uploads\/2023\/09\/cab1cabc-96a2-48b9-82e3-b0ad455003d0.pdf\" class=\"w-iconbox-link\" aria-label=\"Grouttech Vezel Compound Duremitdekvloeren: Avantages\"><p class=\"w-iconbox-title\">Grouttech Vezel Compound Duremitdekvloeren: Avantages<\/p><\/a><\/div><\/div><div class=\"w-separator size_small\"><\/div><div class=\"w-iconbox us_custom_6745946f has_text_color iconpos_left style_default color_primary align_left no_text\"><a href=\"\/wp-content\/uploads\/2023\/09\/afae1e1c-5a1b-474d-8695-11f895321a1d.pdf\" class=\"w-iconbox-link\" aria-label=\"Grouttech Nieuwsbrief 1 Oktober\"><div class=\"w-iconbox-icon\" style=\"font-size:2rem;\"><i class=\"fas fa-file-pdf\"><\/i><\/div><\/a><div class=\"w-iconbox-meta\"><a href=\"\/wp-content\/uploads\/2023\/09\/afae1e1c-5a1b-474d-8695-11f895321a1d.pdf\" class=\"w-iconbox-link\" aria-label=\"Grouttech Nieuwsbrief 1 Oktober\"><p class=\"w-iconbox-title\">Grouttech Nieuwsbrief 1 Oktober<\/p><\/a><\/div><\/div><div class=\"w-separator size_small\"><\/div><div class=\"w-iconbox us_custom_6745946f has_text_color iconpos_left style_default color_primary align_left no_text\"><a href=\"\/wp-content\/uploads\/2023\/09\/c9e7885d-90f9-4474-ab01-392b7d2c58d8.pdf\" class=\"w-iconbox-link\" aria-label=\"Grouttech Vezel Compound Duremitdekvloeren: fiche technique\"><div class=\"w-iconbox-icon\" style=\"font-size:2rem;\"><i class=\"fas fa-file-pdf\"><\/i><\/div><\/a><div class=\"w-iconbox-meta\"><a href=\"\/wp-content\/uploads\/2023\/09\/c9e7885d-90f9-4474-ab01-392b7d2c58d8.pdf\" class=\"w-iconbox-link\" aria-label=\"Grouttech Vezel Compound Duremitdekvloeren: fiche technique\"><p class=\"w-iconbox-title\">Grouttech Vezel Compound Duremitdekvloeren: fiche technique<\/p><\/a><\/div><\/div><\/div><\/div><\/div><\/div><\/div><\/section>\n","protected":false},"excerpt":{"rendered":"T\u00c9L\u00c9CHARGER NOS TRUCS ET ASTUCES Si vous souhaitez plus d&rsquo;informations sur nos produits, consultez nos brochures \u00e0 l&rsquo;avance. CONSULTEZ NOS BROCHURES VOIR NOS DOWNLOADS Plus d&rsquo;info plancher chauffanteRenovation avec Chapewerken VerhulstFlyer Chapewerken VerhulstGrouttech Vezel Compound Duremitdekvloeren: applicationsGrouttech Vezel Compound Duremitdekvloeren: AvantagesGrouttech Nieuwsbrief 1 OktoberGrouttech Vezel Compound Duremitdekvloeren: fiche technique","protected":false},"author":1,"featured_media":0,"parent":0,"menu_order":4,"comment_status":"closed","ping_status":"closed","template":"","meta":{"footnotes":""},"class_list":["post-400","page","type-page","status-publish","hentry"],"acf":[],"yoast_head":"<!-- This site is optimized with the Yoast SEO plugin v26.2 - https:\/\/yoast.com\/wordpress\/plugins\/seo\/ -->\n<title>Downloads - Chapewerken Verhulst<\/title>\n<meta name=\"description\" content=\"R\u00e9novation chape t\u00e9l\u00e9charger nos trucs et astuces de Chapewerken Verhulst en Flandre Occidentale\" \/>\n<meta name=\"robots\" content=\"index, follow, max-snippet:-1, max-image-preview:large, max-video-preview:-1\" \/>\n<link rel=\"canonical\" href=\"https:\/\/www.chapewerken-verhulst.be\/fr\/downloads\/\" \/>\n<meta property=\"og:locale\" content=\"fr_FR\" \/>\n<meta property=\"og:type\" content=\"article\" \/>\n<meta property=\"og:title\" content=\"Downloads - Chapewerken Verhulst\" \/>\n<meta property=\"og:description\" content=\"R\u00e9novation chape t\u00e9l\u00e9charger nos trucs et astuces de Chapewerken Verhulst en Flandre Occidentale\" \/>\n<meta property=\"og:url\" content=\"https:\/\/www.chapewerken-verhulst.be\/fr\/downloads\/\" \/>\n<meta property=\"og:site_name\" content=\"Chapewerken Verhulst\" \/>\n<meta property=\"article:modified_time\" content=\"2023-10-09T08:25:43+00:00\" \/>\n<meta name=\"twitter:card\" content=\"summary_large_image\" \/>\n<meta name=\"twitter:label1\" content=\"Dur\u00e9e de lecture est.\" \/>\n\t<meta name=\"twitter:data1\" content=\"1 minute\" \/>\n<script type=\"application\/ld+json\" class=\"yoast-schema-graph\">{\"@context\":\"https:\/\/schema.org\",\"@graph\":[{\"@type\":\"WebPage\",\"@id\":\"https:\/\/www.chapewerken-verhulst.be\/fr\/downloads\/\",\"url\":\"https:\/\/www.chapewerken-verhulst.be\/fr\/downloads\/\",\"name\":\"Downloads - Chapewerken Verhulst\",\"isPartOf\":{\"@id\":\"https:\/\/www.chapewerken-verhulst.be\/#website\"},\"datePublished\":\"2023-09-11T13:16:38+00:00\",\"dateModified\":\"2023-10-09T08:25:43+00:00\",\"description\":\"R\u00e9novation chape t\u00e9l\u00e9charger nos trucs et astuces de Chapewerken Verhulst en Flandre Occidentale\",\"breadcrumb\":{\"@id\":\"https:\/\/www.chapewerken-verhulst.be\/fr\/downloads\/#breadcrumb\"},\"inLanguage\":\"fr-BE\",\"potentialAction\":[{\"@type\":\"ReadAction\",\"target\":[\"https:\/\/www.chapewerken-verhulst.be\/fr\/downloads\/\"]}]},{\"@type\":\"BreadcrumbList\",\"@id\":\"https:\/\/www.chapewerken-verhulst.be\/fr\/downloads\/#breadcrumb\",\"itemListElement\":[{\"@type\":\"ListItem\",\"position\":1,\"name\":\"Home\",\"item\":\"https:\/\/www.chapewerken-verhulst.be\/fr\/\"},{\"@type\":\"ListItem\",\"position\":2,\"name\":\"Downloads\"}]},{\"@type\":\"WebSite\",\"@id\":\"https:\/\/www.chapewerken-verhulst.be\/#website\",\"url\":\"https:\/\/www.chapewerken-verhulst.be\/\",\"name\":\"Chapewerken Verhulst\",\"description\":\"\",\"potentialAction\":[{\"@type\":\"SearchAction\",\"target\":{\"@type\":\"EntryPoint\",\"urlTemplate\":\"https:\/\/www.chapewerken-verhulst.be\/?s={search_term_string}\"},\"query-input\":{\"@type\":\"PropertyValueSpecification\",\"valueRequired\":true,\"valueName\":\"search_term_string\"}}],\"inLanguage\":\"fr-BE\"}]}<\/script>\n<!-- \/ Yoast SEO plugin. -->","yoast_head_json":{"title":"Downloads - Chapewerken Verhulst","description":"R\u00e9novation chape t\u00e9l\u00e9charger nos trucs et astuces de Chapewerken Verhulst en Flandre Occidentale","robots":{"index":"index","follow":"follow","max-snippet":"max-snippet:-1","max-image-preview":"max-image-preview:large","max-video-preview":"max-video-preview:-1"},"canonical":"https:\/\/www.chapewerken-verhulst.be\/fr\/downloads\/","og_locale":"fr_FR","og_type":"article","og_title":"Downloads - Chapewerken Verhulst","og_description":"R\u00e9novation chape t\u00e9l\u00e9charger nos trucs et astuces de Chapewerken Verhulst en Flandre Occidentale","og_url":"https:\/\/www.chapewerken-verhulst.be\/fr\/downloads\/","og_site_name":"Chapewerken Verhulst","article_modified_time":"2023-10-09T08:25:43+00:00","twitter_card":"summary_large_image","twitter_misc":{"Dur\u00e9e de lecture est.":"1 minute"},"schema":{"@context":"https:\/\/schema.org","@graph":[{"@type":"WebPage","@id":"https:\/\/www.chapewerken-verhulst.be\/fr\/downloads\/","url":"https:\/\/www.chapewerken-verhulst.be\/fr\/downloads\/","name":"Downloads - Chapewerken Verhulst","isPartOf":{"@id":"https:\/\/www.chapewerken-verhulst.be\/#website"},"datePublished":"2023-09-11T13:16:38+00:00","dateModified":"2023-10-09T08:25:43+00:00","description":"R\u00e9novation chape t\u00e9l\u00e9charger nos trucs et astuces de Chapewerken Verhulst en Flandre Occidentale","breadcrumb":{"@id":"https:\/\/www.chapewerken-verhulst.be\/fr\/downloads\/#breadcrumb"},"inLanguage":"fr-BE","potentialAction":[{"@type":"ReadAction","target":["https:\/\/www.chapewerken-verhulst.be\/fr\/downloads\/"]}]},{"@type":"BreadcrumbList","@id":"https:\/\/www.chapewerken-verhulst.be\/fr\/downloads\/#breadcrumb","itemListElement":[{"@type":"ListItem","position":1,"name":"Home","item":"https:\/\/www.chapewerken-verhulst.be\/fr\/"},{"@type":"ListItem","position":2,"name":"Downloads"}]},{"@type":"WebSite","@id":"https:\/\/www.chapewerken-verhulst.be\/#website","url":"https:\/\/www.chapewerken-verhulst.be\/","name":"Chapewerken Verhulst","description":"","potentialAction":[{"@type":"SearchAction","target":{"@type":"EntryPoint","urlTemplate":"https:\/\/www.chapewerken-verhulst.be\/?s={search_term_string}"},"query-input":{"@type":"PropertyValueSpecification","valueRequired":true,"valueName":"search_term_string"}}],"inLanguage":"fr-BE"}]}},"_links":{"self":[{"href":"https:\/\/www.chapewerken-verhulst.be\/fr\/wp-json\/wp\/v2\/pages\/400","targetHints":{"allow":["GET"]}}],"collection":[{"href":"https:\/\/www.chapewerken-verhulst.be\/fr\/wp-json\/wp\/v2\/pages"}],"about":[{"href":"https:\/\/www.chapewerken-verhulst.be\/fr\/wp-json\/wp\/v2\/types\/page"}],"author":[{"embeddable":true,"href":"https:\/\/www.chapewerken-verhulst.be\/fr\/wp-json\/wp\/v2\/users\/1"}],"replies":[{"embeddable":true,"href":"https:\/\/www.chapewerken-verhulst.be\/fr\/wp-json\/wp\/v2\/comments?post=400"}],"version-history":[{"count":4,"href":"https:\/\/www.chapewerken-verhulst.be\/fr\/wp-json\/wp\/v2\/pages\/400\/revisions"}],"predecessor-version":[{"id":410,"href":"https:\/\/www.chapewerken-verhulst.be\/fr\/wp-json\/wp\/v2\/pages\/400\/revisions\/410"}],"wp:attachment":[{"href":"https:\/\/www.chapewerken-verhulst.be\/fr\/wp-json\/wp\/v2\/media?parent=400"}],"curies":[{"name":"wp","href":"https:\/\/api.w.org\/{rel}","templated":true}]}}